{"id":166,"date":"2015-10-16T11:30:37","date_gmt":"2015-10-16T10:30:37","guid":{"rendered":"http:\/\/lsocbasket.fr\/index\/?page_id=166"},"modified":"2022-07-14T17:12:05","modified_gmt":"2022-07-14T16:12:05","slug":"partenaires","status":"publish","type":"page","link":"https:\/\/lsocbasket.fr\/index.php\/partenaires\/","title":{"rendered":"Partenaires"},"content":{"rendered":"\n<p class=\"has-text-align-center\">MERCI \u00e0 tous nos partenaires d&rsquo;aider notre club !<br><br>N\u2019h\u00e9site pas \u00e0 nous contacter si tu veux sponsoriser notre club, une \u00e9quipe, ou l\u2019\u00e9quipe de ton enfant ! <\/p>\n\n\n\n<figure class=\"wp-block-image alignleft size-medium is-resized is-style-default\"><a href=\"https:\/\/www.cer-colombes.fr\/\"><img loading=\"lazy\" decoding=\"async\" src=\"https:\/\/lsocbasket.fr\/index\/wp-content\/uploads\/2019\/01\/LOGO-CER-Colombes-300x212.jpg\" alt=\"\" class=\"wp-image-1061\" width=\"348\" height=\"245\" srcset=\"https:\/\/lsocbasket.fr\/index\/wp-content\/uploads\/2019\/01\/LOGO-CER-Colombes-300x212.jpg 300w, https:\/\/lsocbasket.fr\/index\/wp-content\/uploads\/2019\/01\/LOGO-CER-Colombes-768x543.jpg 768w, https:\/\/lsocbasket.fr\/index\/wp-content\/uploads\/2019\/01\/LOGO-CER-Colombes-1024x724.jpg 1024w\" sizes=\"auto, (max-width: 348px) 100vw, 348px\" \/><\/a><figcaption>                     <strong><em>   22 Rue Gabriel P\u00e9ri<br>                         92700 COLOMBES<br>                 T\u00e9l\u00e9phone : 01 47 86 05 50 <\/em><\/strong><\/figcaption><\/figure>\n\n\n\n<figure class=\"wp-block-image alignleft is-resized\"><a href=\"https:\/\/skff-textiles.fr\/\"><img loading=\"lazy\" decoding=\"async\" src=\"https:\/\/lsocbasket.fr\/index\/wp-content\/uploads\/2019\/01\/logo-SKFF-site-2-1024x832.jpg\" alt=\"\" class=\"wp-image-1065\" width=\"294\" height=\"239\" srcset=\"https:\/\/lsocbasket.fr\/index\/wp-content\/uploads\/2019\/01\/logo-SKFF-site-2-1024x832.jpg 1024w, https:\/\/lsocbasket.fr\/index\/wp-content\/uploads\/2019\/01\/logo-SKFF-site-2-300x244.jpg 300w, https:\/\/lsocbasket.fr\/index\/wp-content\/uploads\/2019\/01\/logo-SKFF-site-2-768x624.jpg 768w, https:\/\/lsocbasket.fr\/index\/wp-content\/uploads\/2019\/01\/logo-SKFF-site-2.jpg 1063w\" sizes=\"auto, (max-width: 294px) 100vw, 294px\" \/><\/a><\/figure>\n","protected":false},"excerpt":{"rendered":"<p>MERCI \u00e0 tous nos partenaires d&rsquo;aider notre club ! N\u2019h\u00e9site pas \u00e0 nous contacter si tu veux sponsoriser notre club, une \u00e9quipe, ou l\u2019\u00e9quipe de ton enfant !<\/p>\n","protected":false},"author":1,"featured_media":0,"parent":0,"menu_order":0,"comment_status":"closed","ping_status":"closed","template":"","meta":{"site-sidebar-layout":"default","site-content-layout":"default","ast-global-header-display":"","ast-main-header-display":"","ast-hfb-above-header-display":"","ast-hfb-below-header-display":"","ast-hfb-mobile-header-display":"","site-post-title":"disabled","ast-breadcrumbs-content":"","ast-featured-img":"","footer-sml-layout":"","theme-transparent-header-meta":"","adv-header-id-meta":"","stick-header-meta":"","header-above-stick-meta":"","header-main-stick-meta":"","header-below-stick-meta":"","footnotes":""},"class_list":["post-166","page","type-page","status-publish","hentry"],"_links":{"self":[{"href":"https:\/\/lsocbasket.fr\/index.php\/wp-json\/wp\/v2\/pages\/166","targetHints":{"allow":["GET"]}}],"collection":[{"href":"https:\/\/lsocbasket.fr\/index.php\/wp-json\/wp\/v2\/pages"}],"about":[{"href":"https:\/\/lsocbasket.fr\/index.php\/wp-json\/wp\/v2\/types\/page"}],"author":[{"embeddable":true,"href":"https:\/\/lsocbasket.fr\/index.php\/wp-json\/wp\/v2\/users\/1"}],"replies":[{"embeddable":true,"href":"https:\/\/lsocbasket.fr\/index.php\/wp-json\/wp\/v2\/comments?post=166"}],"version-history":[{"count":17,"href":"https:\/\/lsocbasket.fr\/index.php\/wp-json\/wp\/v2\/pages\/166\/revisions"}],"predecessor-version":[{"id":1721,"href":"https:\/\/lsocbasket.fr\/index.php\/wp-json\/wp\/v2\/pages\/166\/revisions\/1721"}],"wp:attachment":[{"href":"https:\/\/lsocbasket.fr\/index.php\/wp-json\/wp\/v2\/media?parent=166"}],"curies":[{"name":"wp","href":"https:\/\/api.w.org\/{rel}","templated":true}]}}